{"id":1421,"date":"2019-05-18T01:30:37","date_gmt":"2019-05-18T01:30:37","guid":{"rendered":"http:\/\/demo.roadthemes.com\/makali\/autopart\/?page_id=1196"},"modified":"2021-07-08T13:53:08","modified_gmt":"2021-07-08T11:53:08","slug":"home-autopart-01","status":"publish","type":"page","link":"https:\/\/dina.si\/","title":{"rendered":"Domov"},"content":{"rendered":"[vc_row full_width=&#8221;stretch_row_content&#8221;][vc_column][rev_slider_vc alias=&#8221;home1-slider&#8221;][\/vc_column][\/vc_row][vc_row el_class=&#8221;banner&#8221;][vc_column width=&#8221;1\/2&#8243;][vc_single_image image=&#8221;1810&#8243; img_size=&#8221;full&#8221; alignment=&#8221;center&#8221; onclick=&#8221;custom_link&#8221; link=&#8221;https:\/\/www.satoeurope.com\/products\/&#8221;][\/vc_column][vc_column width=&#8221;1\/2&#8243;][vc_single_image image=&#8221;1813&#8243; img_size=&#8221;full&#8221; alignment=&#8221;center&#8221; onclick=&#8221;custom_link&#8221; link=&#8221;https:\/\/www.satoeurope.com\/products\/&#8221;][\/vc_column][\/vc_row][vc_row][vc_column width=&#8221;1\/2&#8243;][vc_column_text]<span style=\"font-size: 18px;\">Programska oprema za <strong>oblikovanje in tiskanje<\/strong> etiket. Za tiskanje etiket na na\u0161ih tiskalnikih, vam priporo\u010damo uporabo NiceLabel programa.\u00a0<\/span><\/p>\n<p><span style=\"font-size: 18px;\">Ponujamo vam <strong>namestitev, pomo\u010d in podporo<\/strong>, in kot partner tega podjetja\u00a0 vam lahko program ponudimo po <strong>ugodni<\/strong> ceni.<\/span><\/p>\n[\/vc_column_text][\/vc_column][vc_column width=&#8221;1\/2&#8243;][vc_column_text]<img loading=\"lazy\" decoding=\"async\" class=\"aligncenter wp-image-2153\" src=\"http:\/\/dina.si\/wp-content\/uploads\/2021\/05\/logo_nicelabel-300x97.png\" alt=\"\" width=\"446\" height=\"144\" srcset=\"https:\/\/dina.si\/wp-content\/uploads\/2021\/05\/logo_nicelabel-300x97.png 300w, https:\/\/dina.si\/wp-content\/uploads\/2021\/05\/logo_nicelabel-150x49.png 150w, https:\/\/dina.si\/wp-content\/uploads\/2021\/05\/logo_nicelabel.png 533w\" sizes=\"auto, (max-width: 446px) 100vw, 446px\" \/>[\/vc_column_text][\/vc_column][\/vc_row][vc_row][vc_column width=&#8221;1\/2&#8243;][vc_column_text]<img loading=\"lazy\" decoding=\"async\" class=\"aligncenter size-medium wp-image-2163\" src=\"http:\/\/dina.si\/wp-content\/uploads\/2021\/05\/depositphotos_21581271-stock-photo-stethoscope-on-laptop-keyboard-300x200.jpg\" alt=\"\" width=\"300\" height=\"200\" srcset=\"https:\/\/dina.si\/wp-content\/uploads\/2021\/05\/depositphotos_21581271-stock-photo-stethoscope-on-laptop-keyboard-300x200.jpg 300w, https:\/\/dina.si\/wp-content\/uploads\/2021\/05\/depositphotos_21581271-stock-photo-stethoscope-on-laptop-keyboard-150x100.jpg 150w, https:\/\/dina.si\/wp-content\/uploads\/2021\/05\/depositphotos_21581271-stock-photo-stethoscope-on-laptop-keyboard.jpg 600w\" sizes=\"auto, (max-width: 300px) 100vw, 300px\" \/>[\/vc_column_text][\/vc_column][vc_column width=&#8221;1\/2&#8243;][vc_column_text]<span style=\"font-size: 18px;\">Ukvarjamo se tudi z servisiranjem osebnih ra\u010dunalnikov in ra\u010dunalni\u0161ke opreme<\/span>[\/vc_column_text][\/vc_column][\/vc_row][vc_row][vc_column]<div id=\"ultib3-332880470469e9f66ccb13c\" class=\" ultb3-box ult-adjust-bottom-margin  \" style=\"\"><div id=\"Info-banner-wrap6105\" class=\"ultb3-info ib3-info-center\" data-animation=\"fadeIn\" data-animation-delay=\"03\"><div class=\"ultb3-title ult-responsive\"  data-ultimate-target='#Info-banner-wrap6105 .ultb3-title'  data-responsive-json-new='{\"font-size\":\"\",\"line-height\":\"\"}'  style=\"font-weight:normal;\">se zanimate za na\u0161e storitve?<\/div><div class=\"ultb3-desc ult-responsive\"  data-ultimate-target='#Info-banner-wrap6105 .ultb3-desc'  data-responsive-json-new='{\"font-size\":\"\",\"line-height\":\"\"}'  style=\"font-weight:normal;\">Povpra\u0161evanje za katerokoli storitev nam lahko po\u0161ljete preko kontaktnega obrazca.<\/div><a href=\"http:\/\/dina.si\/?page_id=7\" title=\"Kontakt\"  class=\"ultb3-btn ult-responsive\"  data-ultimate-target='#Info-banner-wrap6105 .ultb3-btn'  data-responsive-json-new='{\"font-size\":\"\",\"line-height\":\"\"}'  style=\"font-weight:normal;\">kontaktiraj nas<i class=\"Defaults-angle-right\"><\/i><\/a><\/div><\/div><style>\r\n\t\t\t\t\t#ultib3-332880470469e9f66ccb13c {\r\n\t\t\t\t\t\tmin-height:50px;\r\n\t\t\t\t\t}\r\n\t\t\t\t\t#ultib3-332880470469e9f66ccb13c img.ultb3-img {\r\n\t\t\t\t\t\theight: px;\r\n\t\t\t\t\t}\r\n\t\t\t\t\t#ultib3-332880470469e9f66ccb13c .ultb3-btn {\r\n\t\t\t\t\t\tborder:2px solid #1e73be;border-radius:50px;color:#898989;\r\n\t\t\t\t\t}\r\n\t\t\t\t\t#ultib3-332880470469e9f66ccb13c .ultb3-btn:hover {\r\n\t\t\t\t\t\tbackground:#1e73be;color:#ffffff;\r\n\t\t\t\t\t}\r\n\t\t\t\t<\/style>[\/vc_column][\/vc_row][vc_row][vc_column][vc_custom_heading text=&#8221;KJE SMO&#8221; font_container=&#8221;tag:h2|font_size:30px|text_align:center&#8221; google_fonts=&#8221;font_family:Alegreya%20SC%3Aregular%2Citalic%2C700%2C700italic%2C900%2C900italic|font_style:400%20regular%3A400%3Anormal&#8221;][vc_separator][vc_gmaps link=&#8221;#E-8_JTNDaWZyYW1lJTIwc3JjJTNEJTIyaHR0cHMlM0ElMkYlMkZ3d3cuZ29vZ2xlLmNvbSUyRm1hcHMlMkZlbWJlZCUzRnBiJTNEJTIxMW0xOCUyMTFtMTIlMjExbTMlMjExZDI3NjQuMjcyMTk0MjMzMDY2MyUyMTJkMTUuMDM3ODU5MjE0OTg0OTI1JTIxM2Q0Ni4xNDUzMjU2OTU3NTczNyUyMTJtMyUyMTFmMCUyMTJmMCUyMTNmMCUyMTNtMiUyMTFpMTAyNCUyMTJpNzY4JTIxNGYxMy4xJTIxM20zJTIxMW0yJTIxMXMweDQ3NjU2YjUxNmI3YTA3MDElMjUzQTB4YjA3MGEzNmNmNzcwNGU3ZSUyMTJzRElOQSUyNTIwUExVUyUyNTIwRC5PLk8uJTIxNWUwJTIxM20yJTIxMXNzbCUyMTJzc2klMjE0djE2MTU5OTA5MDYzNTMlMjE1bTIlMjExc3NsJTIxMnNzaSUyMiUyMHdpZHRoJTNEJTIyNjAwJTIyJTIwaGVpZ2h0JTNEJTIyNDUwJTIyJTIwc3R5bGUlM0QlMjJib3JkZXIlM0EwJTNCJTIyJTIwYWxsb3dmdWxsc2NyZWVuJTNEJTIyJTIyJTIwbG9hZGluZyUzRCUyMmxhenklMjIlM0UlM0MlMkZpZnJhbWUlM0UlM0MlMkZpZnJhbWUlM0U=&#8221;][\/vc_column][\/vc_row]\n","protected":false},"excerpt":{"rendered":"<p>[vc_row full_width=&#8221;stretch_row_content&#8221;][vc_column][rev_slider_vc alias=&#8221;home1-slider&#8221;][\/vc_column][\/vc_row][vc_row el_class=&#8221;banner&#8221;][vc_column width=&#8221;1\/2&#8243;][vc_single_image image=&#8221;1810&#8243; img_size=&#8221;full&#8221; alignment=&#8221;center&#8221; onclick=&#8221;custom_link&#8221; link=&#8221;https:\/\/www.satoeurope.com\/products\/&#8221;][\/vc_column][vc_column width=&#8221;1\/2&#8243;][vc_single_image image=&#8221;1813&#8243; img_size=&#8221;full&#8221; alignment=&#8221;center&#8221; onclick=&#8221;custom_link&#8221; link=&#8221;https:\/\/www.satoeurope.com\/products\/&#8221;][\/vc_column][\/vc_row][vc_row][vc_column width=&#8221;1\/2&#8243;][vc_column_text]Programska oprema za oblikovanje in tiskanje etiket. Za tiskanje etiket na na\u0161ih tiskalnikih, vam priporo\u010damo uporabo NiceLabel programa.\u00a0 Ponujamo vam namestitev, pomo\u010d in podporo, in kot partner tega podjetja\u00a0<\/p>\n","protected":false},"author":1,"featured_media":0,"parent":0,"menu_order":0,"comment_status":"closed","ping_status":"closed","template":"page-templates\/front-page.php","meta":{"footnotes":""},"class_list":["post-1421","page","type-page","status-publish","hentry"],"_links":{"self":[{"href":"https:\/\/dina.si\/index.php?rest_route=\/wp\/v2\/pages\/1421","targetHints":{"allow":["GET"]}}],"collection":[{"href":"https:\/\/dina.si\/index.php?rest_route=\/wp\/v2\/pages"}],"about":[{"href":"https:\/\/dina.si\/index.php?rest_route=\/wp\/v2\/types\/page"}],"author":[{"embeddable":true,"href":"https:\/\/dina.si\/index.php?rest_route=\/wp\/v2\/users\/1"}],"replies":[{"embeddable":true,"href":"https:\/\/dina.si\/index.php?rest_route=%2Fwp%2Fv2%2Fcomments&post=1421"}],"version-history":[{"count":36,"href":"https:\/\/dina.si\/index.php?rest_route=\/wp\/v2\/pages\/1421\/revisions"}],"predecessor-version":[{"id":2342,"href":"https:\/\/dina.si\/index.php?rest_route=\/wp\/v2\/pages\/1421\/revisions\/2342"}],"wp:attachment":[{"href":"https:\/\/dina.si\/index.php?rest_route=%2Fwp%2Fv2%2Fmedia&parent=1421"}],"curies":[{"name":"wp","href":"https:\/\/api.w.org\/{rel}","templated":true}]}}