{"id":1904,"date":"2021-05-05T11:18:36","date_gmt":"2021-05-05T09:18:36","guid":{"rendered":"http:\/\/dina.si\/?page_id=1904"},"modified":"2021-05-19T09:40:00","modified_gmt":"2021-05-19T07:40:00","slug":"storitve","status":"publish","type":"page","link":"https:\/\/dina.si\/?page_id=1904","title":{"rendered":"Storitve"},"content":{"rendered":"[vc_row][vc_column width=&#8221;1\/3&#8243;][vc_column_text css_animation=&#8221;flipInY&#8221; css=&#8221;.vc_custom_1621409929474{background-color: #8ac3e2 !important;border-radius: 15px !important;}&#8221;]\n<p style=\"text-align: center;\"><span style=\"font-size: 18px;\"><strong>servis<\/strong> ra\u010dunalnikov in ra\u010dunalni\u0161ke opreme<\/span><\/p>\n[\/vc_column_text][\/vc_column][vc_column width=&#8221;1\/3&#8243;][vc_column_text css_animation=&#8221;flipInY&#8221; css=&#8221;.vc_custom_1621409958196{background-color: #8ac3e2 !important;border-radius: 15px !important;}&#8221;]\n<p style=\"text-align: center;\"><span style=\"font-size: 18px;\">zastopnik in poobla\u0161\u010den servis termi\u010dnih tiskalnikov <em><strong>SATO<\/strong><\/em><\/span><\/p>\n[\/vc_column_text][\/vc_column][vc_column width=&#8221;1\/3&#8243;][vc_column_text css_animation=&#8221;flipInY&#8221; css=&#8221;.vc_custom_1621409965481{background-color: #8ac3e2 !important;border-radius: 15px !important;}&#8221;]\n<p style=\"text-align: center;\"><strong><span style=\"font-size: 18px;\">prodaja\u00a0<\/span><\/strong><span style=\"font-size: 18px;\">tiskalnikov in potro\u0161nega materijala<\/span><\/p>\n[\/vc_column_text][\/vc_column][\/vc_row][vc_row][vc_column width=&#8221;1\/3&#8243;][\/vc_column][vc_column width=&#8221;1\/3&#8243;][vc_column_text]<img loading=\"lazy\" decoding=\"async\" class=\"aligncenter size-medium wp-image-1817\" src=\"http:\/\/dina.si\/wp-content\/uploads\/2021\/03\/sato-logo-sato-43-300x51.png\" alt=\"\" width=\"300\" height=\"51\" srcset=\"https:\/\/dina.si\/wp-content\/uploads\/2021\/03\/sato-logo-sato-43-300x51.png 300w, https:\/\/dina.si\/wp-content\/uploads\/2021\/03\/sato-logo-sato-43-150x26.png 150w, https:\/\/dina.si\/wp-content\/uploads\/2021\/03\/sato-logo-sato-43-600x103.png 600w, https:\/\/dina.si\/wp-content\/uploads\/2021\/03\/sato-logo-sato-43-1024x176.png 1024w, https:\/\/dina.si\/wp-content\/uploads\/2021\/03\/sato-logo-sato-43-768x132.png 768w, https:\/\/dina.si\/wp-content\/uploads\/2021\/03\/sato-logo-sato-43-1536x263.png 1536w, https:\/\/dina.si\/wp-content\/uploads\/2021\/03\/sato-logo-sato-43-2048x351.png 2048w, https:\/\/dina.si\/wp-content\/uploads\/2021\/03\/sato-logo-sato-43-1170x201.png 1170w\" sizes=\"auto, (max-width: 300px) 100vw, 300px\" \/>[\/vc_column_text][\/vc_column][vc_column width=&#8221;1\/3&#8243;][\/vc_column][\/vc_row][vc_row][vc_column]<div class=\"ult_pricing_table_wrap ult_info_table ult_design_6  ult-cs-blue  \">\r\n\t\t\t\t\t<div class=\"ult_pricing_table \" style=\" \"><div id=\"Info-table-wrap-6722\" class=\"ult_pricing_heading\" style=\"\">\r\n\t\t\t\t\t\t\t<h3 class=\"ult-responsive\"  data-ultimate-target='#Info-table-wrap-6722 h3'  data-responsive-json-new='{\"font-size\":\"\",\"line-height\":\"\"}'  style=\"font-style:italic;font-weight:normal;\"><\/h3><\/div><!--ult_pricing_heading--><div class=\"ult_price_body_block\" style=\"\">\r\n\t\t\t\t\t\t\t<div class=\"ult_price_body\">\r\n\t\t\t\t\t\t\t\t<div class=\"ult_price\">\r\n\t\t\t\t\t\t\t\t\t<div class=\"ult-just-icon-wrapper  \"><div class=\"align-icon\" style=\"text-align:center;\">\n<div class=\"aio-icon none \"  style=\"color:#333333;font-size:32px;display:inline-block;\">\n\t<i class=\"Defaults-info-circle\"><\/i>\n<\/div><\/div><\/div>\r\n\t\t\t\t\t\t\t\t<\/div>\r\n\t\t\t\t\t\t\t<\/div>\r\n\t\t\t\t\t\t<\/div><!--ult_price_body_block--><div id=\"info_table_features_wrap-8280\"  data-ultimate-target='#info_table_features_wrap-8280.ult_price_features'  data-responsive-json-new='{\"font-size\":\"\",\"line-height\":\"\"}'  class=\"ult-responsive ult_price_features\" style=\"font-weight:normal;\">\r\n\t\t\t\t\t\t\t<p><span style=\"font-size: 18px;\">Nudimo tudi neoriginalne tonerje ni\u017ejega cenovnega razreda, pri katerih zagotavljamo visoko kvaliteto tiskanja.<\/span><\/p>\n<p><span style=\"font-size: 18px;\">Za te\u017eave nas kontaktirajte in v 24 urah odpravimo napake.<\/span><\/p>\n<p><span style=\"font-size: 18px;\">Za redne stranke pregledamo opremo, o\u010distimo in odpravimo morebitne napake na va\u0161i napravi.<\/span><\/p>\n\r\n\t\t\t\t\t\t<\/div><!--ult_price_features--><div class=\"ult_clr\"><\/div>\r\n\t\t\t<\/div><!--pricing_table-->\r\n\t\t<\/div><!--pricing_table_wrap-->[vc_separator][\/vc_column][\/vc_row]\n","protected":false},"excerpt":{"rendered":"<p>[vc_row][vc_column width=&#8221;1\/3&#8243;][vc_column_text css_animation=&#8221;flipInY&#8221; css=&#8221;.vc_custom_1621409929474{background-color: #8ac3e2 !important;border-radius: 15px !important;}&#8221;] servis ra\u010dunalnikov in ra\u010dunalni\u0161ke opreme [\/vc_column_text][\/vc_column][vc_column width=&#8221;1\/3&#8243;][vc_column_text css_animation=&#8221;flipInY&#8221; css=&#8221;.vc_custom_1621409958196{background-color: #8ac3e2 !important;border-radius: 15px !important;}&#8221;] zastopnik in poobla\u0161\u010den servis termi\u010dnih tiskalnikov SATO [\/vc_column_text][\/vc_column][vc_column width=&#8221;1\/3&#8243;][vc_column_text css_animation=&#8221;flipInY&#8221; css=&#8221;.vc_custom_1621409965481{background-color: #8ac3e2 !important;border-radius: 15px !important;}&#8221;] prodaja\u00a0tiskalnikov in potro\u0161nega materijala [\/vc_column_text][\/vc_column][\/vc_row][vc_row][vc_column width=&#8221;1\/3&#8243;][\/vc_column][vc_column width=&#8221;1\/3&#8243;][vc_column_text][\/vc_column_text][\/vc_column][vc_column width=&#8221;1\/3&#8243;][\/vc_column][\/vc_row][vc_row][vc_column][vc_separator][\/vc_column][\/vc_row]<\/p>\n","protected":false},"author":1,"featured_media":0,"parent":0,"menu_order":0,"comment_status":"closed","ping_status":"closed","template":"","meta":{"footnotes":""},"class_list":["post-1904","page","type-page","status-publish","hentry"],"_links":{"self":[{"href":"https:\/\/dina.si\/index.php?rest_route=\/wp\/v2\/pages\/1904","targetHints":{"allow":["GET"]}}],"collection":[{"href":"https:\/\/dina.si\/index.php?rest_route=\/wp\/v2\/pages"}],"about":[{"href":"https:\/\/dina.si\/index.php?rest_route=\/wp\/v2\/types\/page"}],"author":[{"embeddable":true,"href":"https:\/\/dina.si\/index.php?rest_route=\/wp\/v2\/users\/1"}],"replies":[{"embeddable":true,"href":"https:\/\/dina.si\/index.php?rest_route=%2Fwp%2Fv2%2Fcomments&post=1904"}],"version-history":[{"count":64,"href":"https:\/\/dina.si\/index.php?rest_route=\/wp\/v2\/pages\/1904\/revisions"}],"predecessor-version":[{"id":2278,"href":"https:\/\/dina.si\/index.php?rest_route=\/wp\/v2\/pages\/1904\/revisions\/2278"}],"wp:attachment":[{"href":"https:\/\/dina.si\/index.php?rest_route=%2Fwp%2Fv2%2Fmedia&parent=1904"}],"curies":[{"name":"wp","href":"https:\/\/api.w.org\/{rel}","templated":true}]}}