{"id":2169,"date":"2021-05-12T09:36:26","date_gmt":"2021-05-12T07:36:26","guid":{"rendered":"http:\/\/dina.si\/?page_id=2169"},"modified":"2021-05-19T11:26:05","modified_gmt":"2021-05-19T09:26:05","slug":"riboni","status":"publish","type":"page","link":"https:\/\/dina.si\/?page_id=2169","title":{"rendered":"Riboni"},"content":{"rendered":"[vc_row][vc_column width=&#8221;1\/2&#8243;][vc_column_text]<img loading=\"lazy\" decoding=\"async\" class=\" wp-image-2245 aligncenter\" src=\"http:\/\/dina.si\/wp-content\/uploads\/2021\/05\/ribbons-48-300x269.png\" alt=\"\" width=\"381\" height=\"342\" srcset=\"https:\/\/dina.si\/wp-content\/uploads\/2021\/05\/ribbons-48-300x269.png 300w, https:\/\/dina.si\/wp-content\/uploads\/2021\/05\/ribbons-48-1024x918.png 1024w, https:\/\/dina.si\/wp-content\/uploads\/2021\/05\/ribbons-48-768x688.png 768w, https:\/\/dina.si\/wp-content\/uploads\/2021\/05\/ribbons-48-1536x1377.png 1536w, https:\/\/dina.si\/wp-content\/uploads\/2021\/05\/ribbons-48-2048x1836.png 2048w, https:\/\/dina.si\/wp-content\/uploads\/2021\/05\/ribbons-48-1170x1049.png 1170w, https:\/\/dina.si\/wp-content\/uploads\/2021\/05\/ribbons-48-600x538.png 600w, https:\/\/dina.si\/wp-content\/uploads\/2021\/05\/ribbons-48-150x134.png 150w\" sizes=\"auto, (max-width: 381px) 100vw, 381px\" \/>[\/vc_column_text][\/vc_column][vc_column width=&#8221;1\/2&#8243;][vc_column_text]<span style=\"font-size: 18px; color: #808080;\">Ponujamo obse\u017eno ponudbo ribonov, ki so zasnovani za zagotavljanje optimalne u\u010dinkovitosti in se neprestano testirajo zaradi zagotavljanja najve\u010dje zmogljivosti na na\u0161ih tiskalnikih, prav tako pa omogo\u010dajo dolgo \u017eivljensko dobo glav.<\/span>[\/vc_column_text][\/vc_column][\/vc_row]\n","protected":false},"excerpt":{"rendered":"<p>[vc_row][vc_column width=&#8221;1\/2&#8243;][vc_column_text][\/vc_column_text][\/vc_column][vc_column width=&#8221;1\/2&#8243;][vc_column_text]Ponujamo obse\u017eno ponudbo ribonov, ki so zasnovani za zagotavljanje optimalne u\u010dinkovitosti in se neprestano testirajo zaradi zagotavljanja najve\u010dje zmogljivosti na na\u0161ih tiskalnikih, prav tako pa omogo\u010dajo dolgo \u017eivljensko dobo glav.[\/vc_column_text][\/vc_column][\/vc_row]<\/p>\n","protected":false},"author":3,"featured_media":0,"parent":0,"menu_order":0,"comment_status":"closed","ping_status":"closed","template":"","meta":{"footnotes":""},"class_list":["post-2169","page","type-page","status-publish","hentry"],"_links":{"self":[{"href":"https:\/\/dina.si\/index.php?rest_route=\/wp\/v2\/pages\/2169","targetHints":{"allow":["GET"]}}],"collection":[{"href":"https:\/\/dina.si\/index.php?rest_route=\/wp\/v2\/pages"}],"about":[{"href":"https:\/\/dina.si\/index.php?rest_route=\/wp\/v2\/types\/page"}],"author":[{"embeddable":true,"href":"https:\/\/dina.si\/index.php?rest_route=\/wp\/v2\/users\/3"}],"replies":[{"embeddable":true,"href":"https:\/\/dina.si\/index.php?rest_route=%2Fwp%2Fv2%2Fcomments&post=2169"}],"version-history":[{"count":5,"href":"https:\/\/dina.si\/index.php?rest_route=\/wp\/v2\/pages\/2169\/revisions"}],"predecessor-version":[{"id":2288,"href":"https:\/\/dina.si\/index.php?rest_route=\/wp\/v2\/pages\/2169\/revisions\/2288"}],"wp:attachment":[{"href":"https:\/\/dina.si\/index.php?rest_route=%2Fwp%2Fv2%2Fmedia&parent=2169"}],"curies":[{"name":"wp","href":"https:\/\/api.w.org\/{rel}","templated":true}]}}