{"id":2321,"date":"2021-05-31T10:12:50","date_gmt":"2021-05-31T08:12:50","guid":{"rendered":"https:\/\/dina.si\/?page_id=2321"},"modified":"2021-10-11T09:40:19","modified_gmt":"2021-10-11T07:40:19","slug":"cistilne-krpice","status":"publish","type":"page","link":"https:\/\/dina.si\/?page_id=2321","title":{"rendered":"\u010cistilni set"},"content":{"rendered":"[vc_row][vc_column width=&#8221;2\/3&#8243;][vc_column_text]<img loading=\"lazy\" decoding=\"async\" class=\"aligncenter wp-image-2325\" src=\"https:\/\/dina.si\/wp-content\/uploads\/2021\/05\/cleaning-kit-300x191.jpg\" alt=\"\" width=\"404\" height=\"257\" srcset=\"https:\/\/dina.si\/wp-content\/uploads\/2021\/05\/cleaning-kit-300x191.jpg 300w, https:\/\/dina.si\/wp-content\/uploads\/2021\/05\/cleaning-kit-150x96.jpg 150w, https:\/\/dina.si\/wp-content\/uploads\/2021\/05\/cleaning-kit.jpg 409w\" sizes=\"auto, (max-width: 404px) 100vw, 404px\" \/>[\/vc_column_text][\/vc_column][vc_column width=&#8221;1\/3&#8243;][vc_column_text css_animation=&#8221;bounceIn&#8221;]<span style=\"font-size: 18px;\">Komplet vsebuje:<\/span><\/p>\n<p>sprej za \u010di\u0161\u010denje tiskalne glave<\/p>\n<p>odstranjevalec nalepk in lepila<\/p>\n<p>osve\u017eevalec zraka<\/p>\n<p>brisa\u010dke za \u010di\u0161\u010denje<\/p>\n<p>krpice za \u010di\u0161\u010denje<\/p>\n<p>navodila za uporabo<\/p>\n<p><span style=\"font-size: 18px;\"><a href=\"https:\/\/dina.si\/wp-content\/uploads\/2021\/05\/sato-cleaning-kit-brochure.pdf\"><span style=\"text-decoration: underline;\">Bro\u0161ura<\/span><\/a><\/span>[\/vc_column_text][\/vc_column][\/vc_row][vc_row][vc_column][vc_column_text css_animation=&#8221;none&#8221;]\n<h1 style=\"text-align: center;\">\u010cistilne krpice<\/h1>\n[\/vc_column_text][vc_column_text]<img loading=\"lazy\" decoding=\"async\" class=\" wp-image-2350 aligncenter\" src=\"https:\/\/dina.si\/wp-content\/uploads\/2021\/10\/krpice-281x300.png\" alt=\"\" width=\"404\" height=\"431\" srcset=\"https:\/\/dina.si\/wp-content\/uploads\/2021\/10\/krpice-281x300.png 281w, https:\/\/dina.si\/wp-content\/uploads\/2021\/10\/krpice-768x819.png 768w, https:\/\/dina.si\/wp-content\/uploads\/2021\/10\/krpice-600x640.png 600w, https:\/\/dina.si\/wp-content\/uploads\/2021\/10\/krpice-150x160.png 150w, https:\/\/dina.si\/wp-content\/uploads\/2021\/10\/krpice.png 795w\" sizes=\"auto, (max-width: 404px) 100vw, 404px\" \/>[\/vc_column_text][\/vc_column][\/vc_row][vc_row][vc_column][\/vc_column][\/vc_row]\n","protected":false},"excerpt":{"rendered":"<p>[vc_row][vc_column width=&#8221;2\/3&#8243;][vc_column_text][\/vc_column_text][\/vc_column][vc_column width=&#8221;1\/3&#8243;][vc_column_text css_animation=&#8221;bounceIn&#8221;]Komplet vsebuje: sprej za \u010di\u0161\u010denje tiskalne glave odstranjevalec nalepk in lepila osve\u017eevalec zraka brisa\u010dke za \u010di\u0161\u010denje krpice za \u010di\u0161\u010denje navodila za uporabo Bro\u0161ura[\/vc_column_text][\/vc_column][\/vc_row][vc_row][vc_column][vc_column_text css_animation=&#8221;none&#8221;] \u010cistilne krpice [\/vc_column_text][vc_column_text][\/vc_column_text][\/vc_column][\/vc_row][vc_row][vc_column][\/vc_column][\/vc_row]<\/p>\n","protected":false},"author":3,"featured_media":0,"parent":0,"menu_order":0,"comment_status":"closed","ping_status":"closed","template":"","meta":{"footnotes":""},"class_list":["post-2321","page","type-page","status-publish","hentry"],"_links":{"self":[{"href":"https:\/\/dina.si\/index.php?rest_route=\/wp\/v2\/pages\/2321","targetHints":{"allow":["GET"]}}],"collection":[{"href":"https:\/\/dina.si\/index.php?rest_route=\/wp\/v2\/pages"}],"about":[{"href":"https:\/\/dina.si\/index.php?rest_route=\/wp\/v2\/types\/page"}],"author":[{"embeddable":true,"href":"https:\/\/dina.si\/index.php?rest_route=\/wp\/v2\/users\/3"}],"replies":[{"embeddable":true,"href":"https:\/\/dina.si\/index.php?rest_route=%2Fwp%2Fv2%2Fcomments&post=2321"}],"version-history":[{"count":16,"href":"https:\/\/dina.si\/index.php?rest_route=\/wp\/v2\/pages\/2321\/revisions"}],"predecessor-version":[{"id":2360,"href":"https:\/\/dina.si\/index.php?rest_route=\/wp\/v2\/pages\/2321\/revisions\/2360"}],"wp:attachment":[{"href":"https:\/\/dina.si\/index.php?rest_route=%2Fwp%2Fv2%2Fmedia&parent=2321"}],"curies":[{"name":"wp","href":"https:\/\/api.w.org\/{rel}","templated":true}]}}