{"id":6,"date":"2021-03-17T08:31:14","date_gmt":"2021-03-17T07:31:14","guid":{"rendered":"http:\/\/dina.si\/?page_id=6"},"modified":"2022-06-14T18:59:18","modified_gmt":"2022-06-14T16:59:18","slug":"vizitka","status":"publish","type":"page","link":"https:\/\/dina.si\/?page_id=6","title":{"rendered":"Vizitka"},"content":{"rendered":"[vc_row][vc_column width=&#8221;1\/2&#8243;][vc_row_inner][vc_column_inner][vc_custom_heading text=&#8221;Mati\u010dno podjetje&#8221; font_container=&#8221;tag:h2|font_size:30px|text_align:center|line_height:10px&#8221; google_fonts=&#8221;font_family:Alegreya%20SC%3Aregular%2Citalic%2C700%2C700italic%2C900%2C900italic|font_style:400%20regular%3A400%3Anormal&#8221;][\/vc_column_inner][\/vc_row_inner][vc_column_text]\n<p>Dav\u010dna \u0161tevilka SI:\u00a0 \u00a0<strong>18357059<\/strong><br \/>\nMati\u010dna:\u00a0 \u00a0<strong>8218293000<\/strong><br \/>\nZavezanec za DDV: <strong>Da<\/strong> (SI18357059)<br \/>\n\u0160tevilo zaposlenih: <strong>1 zaposlen<\/strong><br \/>\nDatum vpisa: <strong>5. 6. 2018<\/strong><br \/>\nDejavnost TSmedia:<br \/>\n<strong>Elektronika; Ra\u010dunalni\u0161tvo in informatika<\/strong><\/p>\n<p><strong>Klju\u010dne Osebe<\/strong><\/p>\n<p>Ustanovitelji:<br \/>\n<strong>DAMJAN FUNKEL<\/strong><br \/>\nZastopniki:<br \/>\nFUNKEL JERNEJ <strong>Direktor<\/strong><br \/>\nFUNKEL DAMJAN <strong>Prokurist<\/strong><\/p>\n[\/vc_column_text][\/vc_column][vc_column width=&#8221;1\/2&#8243;]<div class=\"ult-ih-container ult-adjust-bottom-margin  \" >\t<ul class=\"ult-ih-list \"  data-shape=\"circle\"  data-width=\"250\"  data-height=\"250\"  style=\"text-align:center; \">\t<\/ul><\/div>[\/vc_column][\/vc_row]\n","protected":false},"excerpt":{"rendered":"<p>[vc_row][vc_column width=&#8221;1\/2&#8243;][vc_row_inner][vc_column_inner][vc_custom_heading text=&#8221;Mati\u010dno podjetje&#8221; font_container=&#8221;tag:h2|font_size:30px|text_align:center|line_height:10px&#8221; google_fonts=&#8221;font_family:Alegreya%20SC%3Aregular%2Citalic%2C700%2C700italic%2C900%2C900italic|font_style:400%20regular%3A400%3Anormal&#8221;][\/vc_column_inner][\/vc_row_inner][vc_column_text] Dav\u010dna \u0161tevilka SI:\u00a0 \u00a018357059 Mati\u010dna:\u00a0 \u00a08218293000 Zavezanec za DDV: Da (SI18357059) \u0160tevilo zaposlenih: 1 zaposlen Datum vpisa: 5. 6. 2018 Dejavnost TSmedia: Elektronika; Ra\u010dunalni\u0161tvo in informatika Klju\u010dne Osebe Ustanovitelji: DAMJAN FUNKEL Zastopniki: FUNKEL JERNEJ Direktor FUNKEL DAMJAN Prokurist [\/vc_column_text][\/vc_column][vc_column<\/p>\n","protected":false},"author":1,"featured_media":0,"parent":0,"menu_order":0,"comment_status":"closed","ping_status":"closed","template":"","meta":{"footnotes":""},"class_list":["post-6","page","type-page","status-publish","hentry"],"_links":{"self":[{"href":"https:\/\/dina.si\/index.php?rest_route=\/wp\/v2\/pages\/6","targetHints":{"allow":["GET"]}}],"collection":[{"href":"https:\/\/dina.si\/index.php?rest_route=\/wp\/v2\/pages"}],"about":[{"href":"https:\/\/dina.si\/index.php?rest_route=\/wp\/v2\/types\/page"}],"author":[{"embeddable":true,"href":"https:\/\/dina.si\/index.php?rest_route=\/wp\/v2\/users\/1"}],"replies":[{"embeddable":true,"href":"https:\/\/dina.si\/index.php?rest_route=%2Fwp%2Fv2%2Fcomments&post=6"}],"version-history":[{"count":5,"href":"https:\/\/dina.si\/index.php?rest_route=\/wp\/v2\/pages\/6\/revisions"}],"predecessor-version":[{"id":2364,"href":"https:\/\/dina.si\/index.php?rest_route=\/wp\/v2\/pages\/6\/revisions\/2364"}],"wp:attachment":[{"href":"https:\/\/dina.si\/index.php?rest_route=%2Fwp%2Fv2%2Fmedia&parent=6"}],"curies":[{"name":"wp","href":"https:\/\/api.w.org\/{rel}","templated":true}]}}